{"id":232,"date":"2014-10-24T13:52:48","date_gmt":"2014-10-24T10:52:48","guid":{"rendered":"http:\/\/www.bindannmalveg.de\/blog\/?page_id=232"},"modified":"2015-04-11T00:12:14","modified_gmt":"2015-04-10T22:12:14","slug":"vegan-event-guide","status":"publish","type":"page","link":"https:\/\/www.bindannmalveg.de\/blog\/vegan-event-guide\/","title":{"rendered":"Vegan Event Guide"},"content":{"rendered":"<p>Mittlerweile gibt es so einige vegane Sommerfeste, Stra\u00dfenfeste und weitere Veranstaltungen, die sich mit der veganen Lebenweise besch\u00e4ftigen. Ein Besuch ist sicher interessant, aber gerade im Ausland ist man oft nicht dar\u00fcber informiert, welche Feste es gibt. Daher habe ich hier f\u00fcr euch eine \u00dcbersicht zusammengestellt, die euch hoffentlich hilft, euch zurechtzufinden :) Falls ihr noch weitere Veranstaltungen kennt, die ich erg\u00e4nzen kann, d\u00fcrft ihr mir gerne schreiben!<\/p>\n<p><b><span style=\"text-decoration: underline;\"><a title=\"Events in den deutschsprachigen L\u00e4ndern\" href=\"http:\/\/www.bindannmalveg.de\/blog\/vegan-event-guide\/deutschsprachige-laender\/\" target=\"_blank\">Deutschsprachige L\u00e4nder<\/a><\/span><\/b><\/p>\n<p><b><span style=\"text-decoration: underline;\"><a title=\"Events in Gro\u00dfbritannien\" href=\"http:\/\/www.bindannmalveg.de\/blog\/vegan-event-guide\/grossbritannien\/\" target=\"_blank\">Gro\u00dfbritannien<\/a><\/span><\/b><\/p>\n<p><b><span style=\"text-decoration: underline;\"><a title=\"Events in Italien\" href=\"http:\/\/www.bindannmalveg.de\/blog\/vegan-event-guide\/italien\/\" target=\"_blank\">Italien<\/a><\/span><\/b><\/p>\n<p><b><span style=\"text-decoration: underline;\"><a title=\"Events im restlichen Europa\" href=\"http:\/\/www.bindannmalveg.de\/blog\/vegan-event-guide\/europa\/\" target=\"_blank\">Restliches Europa<\/a><\/span><\/b><\/p>\n<p><a title=\"Events in den USA\" href=\"http:\/\/www.bindannmalveg.de\/blog\/vegan-event-guide\/usa\/\" target=\"_blank\"><strong><span style=\"text-decoration: underline;\">USA<\/span><\/strong><\/a><\/p>\n<p><a title=\"Events weltweit\" href=\"http:\/\/www.bindannmalveg.de\/blog\/vegan-event-guide\/weltweit\/\"><b><span style=\"text-decoration: underline;\">Weltweit<\/span><\/b><\/a><\/p>\n","protected":false},"excerpt":{"rendered":"<p>Mittlerweile gibt es so einige vegane Sommerfeste, Stra\u00dfenfeste und weitere Veranstaltungen, die sich mit der veganen Lebenweise besch\u00e4ftigen. Ein Besuch ist sicher interessant, aber gerade im Ausland ist man oft nicht dar\u00fcber informiert, welche Feste es gibt. Daher habe ich hier f\u00fcr euch eine \u00dcbersicht zusammengestellt, die euch hoffentlich hilft, euch zurechtzufinden :) Falls ihr&nbsp;&hellip;<\/p>\n","protected":false},"author":1,"featured_media":0,"parent":0,"menu_order":0,"comment_status":"open","ping_status":"open","template":"","meta":[],"_links":{"self":[{"href":"https:\/\/www.bindannmalveg.de\/blog\/wp-json\/wp\/v2\/pages\/232"}],"collection":[{"href":"https:\/\/www.bindannmalveg.de\/blog\/wp-json\/wp\/v2\/pages"}],"about":[{"href":"https:\/\/www.bindannmalveg.de\/blog\/wp-json\/wp\/v2\/types\/page"}],"author":[{"embeddable":true,"href":"https:\/\/www.bindannmalveg.de\/blog\/wp-json\/wp\/v2\/users\/1"}],"replies":[{"embeddable":true,"href":"https:\/\/www.bindannmalveg.de\/blog\/wp-json\/wp\/v2\/comments?post=232"}],"version-history":[{"count":9,"href":"https:\/\/www.bindannmalveg.de\/blog\/wp-json\/wp\/v2\/pages\/232\/revisions"}],"predecessor-version":[{"id":1718,"href":"https:\/\/www.bindannmalveg.de\/blog\/wp-json\/wp\/v2\/pages\/232\/revisions\/1718"}],"wp:attachment":[{"href":"https:\/\/www.bindannmalveg.de\/blog\/wp-json\/wp\/v2\/media?parent=232"}],"curies":[{"name":"wp","href":"https:\/\/api.w.org\/{rel}","templated":true}]}}