{"id":265,"date":"2014-10-24T14:14:45","date_gmt":"2014-10-24T11:14:45","guid":{"rendered":"http:\/\/www.bindannmalveg.de\/blog\/?page_id=265"},"modified":"2015-04-28T21:34:28","modified_gmt":"2015-04-28T19:34:28","slug":"europa","status":"publish","type":"page","link":"https:\/\/www.bindannmalveg.de\/blog\/vegan-event-guide\/europa\/","title":{"rendered":"Events im restlichen Europa"},"content":{"rendered":"<h4><b>Armenien<\/b><\/h4>\n<p>Vegan Fest Yerevan (zuletzt am\u00a029.09.2014)<\/p>\n<h4><b>Bulgarien<\/b><\/h4>\n<p>International Vegan Festival Varna (zuletzt am 01. &#8211; 08.06.2014)<br \/>\nVegFest Sofia (zuletzt am\u00a020. + 21.12.2014)<\/p>\n<h4><b>Estland<\/b><\/h4>\n<p><a href=\"http:\/\/www.bindannmalveg.de\/blog\/estlands-taimetoidumess\/\">01.11.2015 Taimetoidumess Tallinn<\/a><\/p>\n<h4><b>Frankreich<\/b><\/h4>\n<p>Veggie Pride Paris (zuletzt am 10. + 11.05.2014)<br \/>\nVegan Place Lyon (zuletzt am 12.07.2014)<br \/>\nFrukti Festival, Aix en Provence (zuletzt am 27.08 &#8211; 03.09.2014)<\/p>\n<h4><b>Kroatien<\/b><\/h4>\n<p>Veganmania Zagreb (zuletzt am 05. + 06.09.2014)<\/p>\n<h4><strong>Niederlande<\/strong><\/h4>\n<p>Viva Las Vega&#8217;s\u00a0Amsterdam, das gr\u00f6\u00dfte vegetarische Food Festivals der Niederlande (zuletzt am 29.06.2014)<br \/>\n01.11.2015 VegFest Amsterdam<\/p>\n<h4><b>Norwegen<\/b><\/h4>\n<p>25.04.2015 Trondheim Vegan Fair<br \/>\n23. + 24.05.2015 Vegetar Festival Oslo<\/p>\n<h4><strong>Polen<\/strong><\/h4>\n<p>Wegetaria\u0144ski Festiwal Ko\u017cyczkowie\u00a0(zuletzt am 21. &#8211; 31.07.2014)<br \/>\nWege Festiwal Foodtruckowy Warschau (zuletzt am 18.10.2014)<\/p>\n<h4><b>Schweden<\/b><\/h4>\n<p>Vegoforum Stockholm (zuletzt am 22.02.2014)<br \/>\n09.05.2015 Vegofesten \u00d6rebro<br \/>\n19.09.2015 Vegovision Umea<br \/>\n05. + 06.12.2015 Vegovision G\u00f6teborg (zuletzt am 12.04.2014)<\/p>\n<h4><strong>Slowenien<\/strong><\/h4>\n<p>Vegafest Ljubljana (zuletzt am 18.05.2014)<\/p>\n<h4><b>Spanien<\/b><\/h4>\n<p>Feria Vegana XIX Barcelona (zuletzt am 09.08.2014)<br \/>\nVegan Fest Alicante (zuletzt am 30.08.2014)<br \/>\nRaw Fruit Festival bei Algatoc\u00edn &amp; Jubrique\/Andalusien (zuletzt am 31.08 &#8211; 06.09.2014)<\/p>\n<h4><strong>Tschechien<\/strong><\/h4>\n<p>Animal Rights Film Festival Prag [Filmov\u00fd festival Zv\u00ed\u0159ata jsou taky lidi] (zuletzt vom 28. &#8211; 30.11.2014)<\/p>\n","protected":false},"excerpt":{"rendered":"<p>Armenien Vegan Fest Yerevan (zuletzt am\u00a029.09.2014) Bulgarien International Vegan Festival Varna (zuletzt am 01. &#8211; 08.06.2014) VegFest Sofia (zuletzt am\u00a020. + 21.12.2014) Estland 01.11.2015 Taimetoidumess Tallinn Frankreich Veggie Pride Paris (zuletzt am 10. + 11.05.2014) Vegan Place Lyon (zuletzt am 12.07.2014) Frukti Festival, Aix en Provence (zuletzt am 27.08 &#8211; 03.09.2014) Kroatien Veganmania Zagreb (zuletzt&nbsp;&hellip;<\/p>\n","protected":false},"author":1,"featured_media":1719,"parent":232,"menu_order":0,"comment_status":"open","ping_status":"open","template":"","meta":[],"_links":{"self":[{"href":"https:\/\/www.bindannmalveg.de\/blog\/wp-json\/wp\/v2\/pages\/265"}],"collection":[{"href":"https:\/\/www.bindannmalveg.de\/blog\/wp-json\/wp\/v2\/pages"}],"about":[{"href":"https:\/\/www.bindannmalveg.de\/blog\/wp-json\/wp\/v2\/types\/page"}],"author":[{"embeddable":true,"href":"https:\/\/www.bindannmalveg.de\/blog\/wp-json\/wp\/v2\/users\/1"}],"replies":[{"embeddable":true,"href":"https:\/\/www.bindannmalveg.de\/blog\/wp-json\/wp\/v2\/comments?post=265"}],"version-history":[{"count":14,"href":"https:\/\/www.bindannmalveg.de\/blog\/wp-json\/wp\/v2\/pages\/265\/revisions"}],"predecessor-version":[{"id":1775,"href":"https:\/\/www.bindannmalveg.de\/blog\/wp-json\/wp\/v2\/pages\/265\/revisions\/1775"}],"up":[{"embeddable":true,"href":"https:\/\/www.bindannmalveg.de\/blog\/wp-json\/wp\/v2\/pages\/232"}],"wp:featuredmedia":[{"embeddable":true,"href":"https:\/\/www.bindannmalveg.de\/blog\/wp-json\/wp\/v2\/media\/1719"}],"wp:attachment":[{"href":"https:\/\/www.bindannmalveg.de\/blog\/wp-json\/wp\/v2\/media?parent=265"}],"curies":[{"name":"wp","href":"https:\/\/api.w.org\/{rel}","templated":true}]}}