{"id":690,"date":"2014-11-05T11:54:49","date_gmt":"2014-11-05T08:54:49","guid":{"rendered":"http:\/\/www.bindannmalveg.de\/blog\/?page_id=690"},"modified":"2014-12-18T11:03:55","modified_gmt":"2014-12-18T09:03:55","slug":"wer-bist-du-eigentlich","status":"publish","type":"page","link":"https:\/\/www.bindannmalveg.de\/blog\/ueber-mich\/wer-bist-du-eigentlich\/","title":{"rendered":"Wer bist du eigentlich?"},"content":{"rendered":"<p>Ich bin eine 21-j\u00e4hrige Studentin, die es liebt zu reisen und zu kochen!<\/p>\n<p>Vor etwas mehr als einem Jahr habe ich angefangen vegan zu leben und habe quasi nochmal neu angefangen kochen zu lernen. Zwar habe ich auch viele Gerichte einfach veganisiert, allerdings habe ich (unter anderem durch die Facebook-Gruppe \u201eIch packe auf mein veganes Tellerchen \u2026\u201c) auch gemerkt, was man alles tolles Veganes kreieren kann. Insgesamt habe ich schon immer gerne gekocht und gebacken, jedoch hat sich das seitdem ich vegan lebe nochmal intensiviert. W\u00e4hrend fr\u00fcher noch die eine oder andere Fertigmischung in meiner K\u00fcche zu finden war, greife ich jetzt nur noch sehr selten auf Fertigprodukte zur\u00fcck.<\/p>\n<p>Meine 2. Leidenschaft ist &#8211; wie bereits erw\u00e4hnt \u2013 das Reisen. Nach einem Auslandspraktikum in Wales\/Gro\u00dfbritannien hat mich endg\u00fcltig das Reisefieber gepackt. Mittlerweile findet man mich in meinen Semesterferien nur noch selten zuhause. Meine Priorit\u00e4t liegt beim Reisen auf dem Kennenlernen von anderen Kulturen, Orten und ganz wichtig: Menschen. Daher bin ich auch oft via <a href=\"http:\/\/www.couchsurfing.org\/\">Couchsurfing <\/a>unterwegs. Seitdem ich Veganerin bin informiere ich mich allerdings auch ein bisschen dar\u00fcber wie gut es sich im jeweiligen Reiseland vegan leben l\u00e4sst und auf was man ggf. diesbez\u00fcglich achten muss. Daher m\u00f6chte ich in meinem Blog gelegentlich dar\u00fcber berichten, aber auch Rezepte zu internationalen Gerichten ver\u00f6ffentlichen.<\/p>\n<p>Abschlie\u00dfend m\u00f6chte ich noch sagen, dass ich mich jederzeit \u00fcber Kommentare und Kritik freue und dass ich mich \u00fcber jeden Leser freue, ganz egal ob Veganer, Vegan-Interessierte, Vegetarier oder Flexitarier!<\/p>\n<p><a class=\"boxer\" href=\"http:\/\/www.bindannmalveg.de\/blog\/wp-content\/uploads\/2014\/11\/FotoIch.jpg\"><img decoding=\"async\" loading=\"lazy\" class=\"aligncenter wp-image-696 size-medium\" src=\"http:\/\/www.bindannmalveg.de\/blog\/wp-content\/uploads\/2014\/11\/FotoIch-200x300.jpg\" alt=\"FotoBindannmalveg\" width=\"200\" height=\"300\" srcset=\"https:\/\/www.bindannmalveg.de\/blog\/wp-content\/uploads\/2014\/11\/FotoIch-200x300.jpg 200w, https:\/\/www.bindannmalveg.de\/blog\/wp-content\/uploads\/2014\/11\/FotoIch-100x150.jpg 100w, https:\/\/www.bindannmalveg.de\/blog\/wp-content\/uploads\/2014\/11\/FotoIch-816x1224.jpg 816w, https:\/\/www.bindannmalveg.de\/blog\/wp-content\/uploads\/2014\/11\/FotoIch.jpg 960w\" sizes=\"(max-width: 200px) 100vw, 200px\" \/><\/a><\/p>\n<h2><\/h2>\n<h3>Kontakt<\/h3>\n\n<div class=\"wpcf7 no-js\" id=\"wpcf7-f307-o1\" lang=\"de-DE\" dir=\"ltr\">\n<div class=\"screen-reader-response\"><p role=\"status\" aria-live=\"polite\" aria-atomic=\"true\"><\/p> <ul><\/ul><\/div>\n<form action=\"\/blog\/wp-json\/wp\/v2\/pages\/690#wpcf7-f307-o1\" method=\"post\" class=\"wpcf7-form init\" aria-label=\"Kontaktformular\" novalidate=\"novalidate\" data-status=\"init\">\n<div style=\"display: none;\">\n<input type=\"hidden\" name=\"_wpcf7\" value=\"307\" \/>\n<input type=\"hidden\" name=\"_wpcf7_version\" value=\"5.8.7\" \/>\n<input type=\"hidden\" name=\"_wpcf7_locale\" value=\"de_DE\" \/>\n<input type=\"hidden\" name=\"_wpcf7_unit_tag\" value=\"wpcf7-f307-o1\" \/>\n<input type=\"hidden\" name=\"_wpcf7_container_post\" value=\"0\" \/>\n<input type=\"hidden\" name=\"_wpcf7_posted_data_hash\" value=\"\" \/>\n<\/div>\n<p>Ihr Name (Pflichtfeld)\n<\/p>\n<p><span class=\"wpcf7-form-control-wrap\" data-name=\"your-name\"><input size=\"40\" class=\"wpcf7-form-control wpcf7-text wpcf7-validates-as-required\" aria-required=\"true\" aria-invalid=\"false\" value=\"\" type=\"text\" name=\"your-name\" \/><\/span>\n<\/p>\n<p>Ihre E-Mail-Adresse (Pflichtfeld)\n<\/p>\n<p><span class=\"wpcf7-form-control-wrap\" data-name=\"your-email\"><input size=\"40\" class=\"wpcf7-form-control wpcf7-email wpcf7-validates-as-required wpcf7-text wpcf7-validates-as-email\" aria-required=\"true\" aria-invalid=\"false\" value=\"\" type=\"email\" name=\"your-email\" \/><\/span>\n<\/p>\n<p>Betreff\n<\/p>\n<p><span class=\"wpcf7-form-control-wrap\" data-name=\"your-subject\"><input size=\"40\" class=\"wpcf7-form-control wpcf7-text\" aria-invalid=\"false\" value=\"\" type=\"text\" name=\"your-subject\" \/><\/span>\n<\/p>\n<p>Ihre Nachricht\n<\/p>\n<p><span class=\"wpcf7-form-control-wrap\" data-name=\"your-message\"><textarea cols=\"40\" rows=\"10\" class=\"wpcf7-form-control wpcf7-textarea\" aria-invalid=\"false\" name=\"your-message\"><\/textarea><\/span>\n<\/p>\n<p>[wpcaptcha]\n<\/p>\n<p><span class=\"wpcf7-form-control-wrap\" data-name=\"your-consent\"><span class=\"wpcf7-form-control wpcf7-acceptance\"><span class=\"wpcf7-list-item\"><label><input type=\"checkbox\" name=\"your-consent\" value=\"1\" aria-invalid=\"false\" \/><span class=\"wpcf7-list-item-label\">Ich stimme zu, dass meine Angaben aus dem Kontaktformular zur Beantwortung\nmeiner Anfrage erhoben und verarbeitet werden. Die Daten werden nach abgeschlossener Bearbeitung Ihrer Anfrage gel\u00f6scht. Hier finden Sie unsere <a href=\"https:\/\/www.bindannmalveg.de\/blog\/datenschutz\/\" target=\"datenschutz\">Datenschutzerkl\u00e4rung und Widerrufhinweise.<\/a><\/span><\/label><\/span><\/span><\/span>\n<\/p>\n<p><input class=\"wpcf7-form-control wpcf7-submit has-spinner\" type=\"submit\" value=\"Senden\" \/>\n<\/p><div class=\"wpcf7-response-output\" aria-hidden=\"true\"><\/div>\n<\/form>\n<\/div>\n\n","protected":false},"excerpt":{"rendered":"<p>Ich bin eine 21-j\u00e4hrige Studentin, die es liebt zu reisen und zu kochen! Vor etwas mehr als einem Jahr habe ich angefangen vegan zu leben und habe quasi nochmal neu angefangen kochen zu lernen. Zwar habe ich auch viele Gerichte einfach veganisiert, allerdings habe ich (unter anderem durch die Facebook-Gruppe \u201eIch packe auf mein veganes&nbsp;&hellip;<\/p>\n","protected":false},"author":1,"featured_media":0,"parent":238,"menu_order":0,"comment_status":"open","ping_status":"open","template":"","meta":[],"_links":{"self":[{"href":"https:\/\/www.bindannmalveg.de\/blog\/wp-json\/wp\/v2\/pages\/690"}],"collection":[{"href":"https:\/\/www.bindannmalveg.de\/blog\/wp-json\/wp\/v2\/pages"}],"about":[{"href":"https:\/\/www.bindannmalveg.de\/blog\/wp-json\/wp\/v2\/types\/page"}],"author":[{"embeddable":true,"href":"https:\/\/www.bindannmalveg.de\/blog\/wp-json\/wp\/v2\/users\/1"}],"replies":[{"embeddable":true,"href":"https:\/\/www.bindannmalveg.de\/blog\/wp-json\/wp\/v2\/comments?post=690"}],"version-history":[{"count":5,"href":"https:\/\/www.bindannmalveg.de\/blog\/wp-json\/wp\/v2\/pages\/690\/revisions"}],"predecessor-version":[{"id":1012,"href":"https:\/\/www.bindannmalveg.de\/blog\/wp-json\/wp\/v2\/pages\/690\/revisions\/1012"}],"up":[{"embeddable":true,"href":"https:\/\/www.bindannmalveg.de\/blog\/wp-json\/wp\/v2\/pages\/238"}],"wp:attachment":[{"href":"https:\/\/www.bindannmalveg.de\/blog\/wp-json\/wp\/v2\/media?parent=690"}],"curies":[{"name":"wp","href":"https:\/\/api.w.org\/{rel}","templated":true}]}}